{"id":261712,"date":"2024-11-28T13:07:46","date_gmt":"2024-11-28T18:07:46","guid":{"rendered":"https:\/\/novexco-stg.thinkenabled.net\/historique\/"},"modified":"2025-01-30T09:09:17","modified_gmt":"2025-01-30T14:09:17","slug":"historique","status":"publish","type":"page","link":"https:\/\/sprcanada.ca\/fr\/historique\/","title":{"rendered":"Historique"},"content":{"rendered":"<p>[et_pb_section fb_built=\u00a0\u00bb1&Prime; custom_padding_last_edited=\u00a0\u00bboff|desktop\u00a0\u00bb admin_label=\u00a0\u00bbFlexile Hero 98&Prime; _builder_version=\u00a0\u00bb4.27.3&Prime; background_enable_color=\u00a0\u00bboff\u00a0\u00bb background_enable_image=\u00a0\u00bboff\u00a0\u00bb custom_margin=\u00a0\u00bb||||false|false\u00a0\u00bb custom_margin_tablet=\u00a0\u00bb||160px||false|false\u00a0\u00bb custom_margin_phone=\u00a0\u00bb||100px||false|false\u00a0\u00bb custom_margin_last_edited=\u00a0\u00bbon|phone\u00a0\u00bb custom_padding=\u00a0\u00bb0px||0px||false|false\u00a0\u00bb custom_padding_tablet=\u00a0\u00bb50px||50px||true|false\u00a0\u00bb custom_padding_phone=\u00a0\u00bb30px||30px||true|false\u00a0\u00bb locked=\u00a0\u00bboff\u00a0\u00bb global_colors_info=\u00a0\u00bb{}\u00a0\u00bb][et_pb_row _builder_version=\u00a0\u00bb4.27.3&Prime; _module_preset=\u00a0\u00bbdefault\u00a0\u00bb custom_padding=\u00a0\u00bb0px||0px||false|false\u00a0\u00bb global_colors_info=\u00a0\u00bb{}\u00a0\u00bb][et_pb_column type=\u00a0\u00bb4_4&Prime; _builder_version=\u00a0\u00bb4.27.3&Prime; _module_preset=\u00a0\u00bbdefault\u00a0\u00bb global_colors_info=\u00a0\u00bb{}\u00a0\u00bb][et_pb_image src=\u00a0\u00bbhttps:\/\/sprca-stg.thinkenabled.net\/wp-content\/uploads\/2025\/01\/entete_history_spr_website.png\u00a0\u00bb alt=\u00a0\u00bbImage du h\u00e9ros historique\u00a0\u00bb _builder_version=\u00a0\u00bb4.27.3&Prime; _module_preset=\u00a0\u00bbdefault\u00a0\u00bb custom_padding=\u00a0\u00bb0px||||false|false\u00a0\u00bb global_colors_info=\u00a0\u00bb{}\u00a0\u00bb][\/et_pb_image][\/et_pb_column][\/et_pb_row][\/et_pb_section][et_pb_section fb_built=\u00a0\u00bb1&Prime; admin_label=\u00a0\u00bbAbout\u00a0\u00bb _builder_version=\u00a0\u00bb4.27.3&Prime; _module_preset=\u00a0\u00bbdefault\u00a0\u00bb custom_padding=\u00a0\u00bb||||false|false\u00a0\u00bb global_colors_info=\u00a0\u00bb{}\u00a0\u00bb][et_pb_row _builder_version=\u00a0\u00bb4.27.3&Prime; _module_preset=\u00a0\u00bbdefault\u00a0\u00bb custom_padding=\u00a0\u00bb0px||0px||false|false\u00a0\u00bb global_colors_info=\u00a0\u00bb{}\u00a0\u00bb][et_pb_column type=\u00a0\u00bb4_4&Prime; _builder_version=\u00a0\u00bb4.27.3&Prime; _module_preset=\u00a0\u00bbdefault\u00a0\u00bb global_colors_info=\u00a0\u00bb{}\u00a0\u00bb][et_pb_heading title=\u00a0\u00bbHistorique\u00a0\u00bb _builder_version=\u00a0\u00bb4.27.3&Prime; _module_preset=\u00a0\u00bbdefault\u00a0\u00bb title_font=\u00a0\u00bb|600|||||||\u00a0\u00bb title_text_align=\u00a0\u00bbcenter\u00a0\u00bb title_text_color=\u00a0\u00bb#be294b\u00a0\u00bb title_font_size=\u00a0\u00bb50px\u00a0\u00bb hover_enabled=\u00a0\u00bb0&Prime; global_colors_info=\u00a0\u00bb{}\u00a0\u00bb sticky_enabled=\u00a0\u00bb0&Prime;][\/et_pb_heading][tmdivi_timeline story_spacing_bottom=\u00a0\u00bb-2px\u00a0\u00bb timeline_fill_setting=\u00a0\u00bboff\u00a0\u00bb icon_background_color=\u00a0\u00bb#FFFFFF\u00a0\u00bb story_padding=\u00a0\u00bb||||false|false\u00a0\u00bb heading_font_color=\u00a0\u00bb#1c1d1b\u00a0\u00bb _builder_version=\u00a0\u00bb4.27.3&Prime; _module_preset=\u00a0\u00bbdefault\u00a0\u00bb hover_enabled=\u00a0\u00bb0&Prime; border_radii_story_settings=\u00a0\u00bbon|5px|5px|5px|5px\u00a0\u00bb border_color_all_story_settings=\u00a0\u00bbRGBA(255,255,255,0)\u00a0\u00bb border_style_all_story_settings=\u00a0\u00bbnone\u00a0\u00bb global_colors_info=\u00a0\u00bb{}\u00a0\u00bb label_font=\u00a0\u00bbRoboto||||||||\u00a0\u00bb heading_settings_font=\u00a0\u00bbRoboto|700|||||||\u00a0\u00bb heading_text_size=\u00a0\u00bb32px\u00a0\u00bb description_text_size=\u00a0\u00bb25px\u00a0\u00bb description_line_height=\u00a0\u00bb32px\u00a0\u00bb description_settings_font=\u00a0\u00bbRoboto|300|||||||\u00a0\u00bb sticky_enabled=\u00a0\u00bb0&Prime; description_font_color=\u00a0\u00bb#7c8483&Prime;][tmdivi_timeline_story show_label=\u00a0\u00bboff\u00a0\u00bb story_title=\u00a0\u00bb1848&Prime; child_story_background_color=\u00a0\u00bb#ffffff\u00a0\u00bb child_story_heading_color=\u00a0\u00bb#be294b\u00a0\u00bb child_story_description_color=\u00a0\u00bb#1c1d1b\u00a0\u00bb _builder_version=\u00a0\u00bb4.27.3&Prime; hover_enabled=\u00a0\u00bb0&Prime; global_colors_info=\u00a0\u00bb{}\u00a0\u00bb sticky_enabled=\u00a0\u00bb0&Prime;]<\/p>\n<p>S.P. Richards est fond\u00e9 par les fr\u00e8res Samuel Paul et JJ Richards.<\/p>\n<p>[\/tmdivi_timeline_story][tmdivi_timeline_story story_title=\u00a0\u00bb1975&Prime; child_story_heading_color=\u00a0\u00bb#be294b\u00a0\u00bb child_story_description_color=\u00a0\u00bb#1c1d1b\u00a0\u00bb _builder_version=\u00a0\u00bb4.27.3&Prime; hover_enabled=\u00a0\u00bb0&Prime; global_colors_info=\u00a0\u00bb{}\u00a0\u00bb sticky_enabled=\u00a0\u00bb0&Prime;]<\/p>\n<p>La soci\u00e9t\u00e9 a \u00e9t\u00e9 acquise par Genuine Parts Company, une soci\u00e9t\u00e9 sp\u00e9cialis\u00e9e dans la distribution et la logistique. S.P. Richards a conserv\u00e9 son nom.<\/p>\n<p>[\/tmdivi_timeline_story][tmdivi_timeline_story story_title=\u00a0\u00bb1998&Prime; child_story_heading_color=\u00a0\u00bb#be294b\u00a0\u00bb child_story_description_color=\u00a0\u00bb#1c1d1b\u00a0\u00bb _builder_version=\u00a0\u00bb4.27.3&Prime; hover_enabled=\u00a0\u00bb0&Prime; global_colors_info=\u00a0\u00bb{}\u00a0\u00bb sticky_enabled=\u00a0\u00bb0&Prime;]<\/p>\n<p>S.P. Richards of Atlanta, GA, acquiert S.P. Richards Canada, auparavant Nowestra.<\/p>\n<p>[\/tmdivi_timeline_story][tmdivi_timeline_story story_title=\u00a0\u00bb2020&Prime; child_story_heading_color=\u00a0\u00bb#be294b\u00a0\u00bb child_story_description_color=\u00a0\u00bb#1c1d1b\u00a0\u00bb _builder_version=\u00a0\u00bb4.27.3&Prime; _module_preset=\u00a0\u00bbdefault\u00a0\u00bb hover_enabled=\u00a0\u00bb0&Prime; global_colors_info=\u00a0\u00bb{}\u00a0\u00bb sticky_enabled=\u00a0\u00bb0&Prime;]<\/p>\n<p>En Janvier, Novexco acquiert S.P. Richards Canada donnant aux canadiens la propri\u00e9t\u00e9 du plus grand fournisseur de produits de bureau et de fournitures de conciergerie au Canada.<\/p>\n<p>[\/tmdivi_timeline_story][\/tmdivi_timeline][\/et_pb_column][\/et_pb_row][\/et_pb_section]<\/p>\n","protected":false},"excerpt":{"rendered":"<p><div class=\"et_pb_with_border et_pb_module tmdivi_timeline tmdivi_timeline_0\">\n\t\t\t\t\n\t\t\t\t\n\t\t\t\t\n\t\t\t\t\n\t\t\t\t\n\t\t\t\t\n\t\t\t\t<div class=\"et_pb_module_inner\">\n\t\t\t\t\t\n\t\t\t\t<\/div>\n\t\t\t<\/div><div class=\"et_pb_module tmdivi_timeline_story tmdivi_timeline_story_0\">\n\t\t\t\t\n\t\t\t\t\n\t\t\t\t\n\t\t\t\t\n\t\t\t\t\n\t\t\t\t\n\t\t\t\t<div class=\"et_pb_module_inner\">\n\t\t\t\t\t<div class=\"tmdivi-story tmdivi-story-icon tmdivi-story-right\">\n                        <div class=\"tmdivi-labels\"><\/div><div class=\"tmdivi-icondot\"><\/div>\n                        <div class=\"tmdivi-arrow\"><\/div>\n                            <div class=\"tmdivi-content\">\n                                <div class=\"tmdivi-title\">1848<\/div><div class=\"tmdivi-description\">S.P. Richards est fond\u00e9 par les fr\u00e8res Samuel Paul et JJ Richards.<\/div>\n                            <\/div>\n                    <\/div>\n\t\t\t\t<\/div>\n\t\t\t<\/div><div class=\"et_pb_module tmdivi_timeline_story tmdivi_timeline_story_1\">\n\t\t\t\t\n\t\t\t\t\n\t\t\t\t\n\t\t\t\t\n\t\t\t\t\n\t\t\t\t\n\t\t\t\t<div class=\"et_pb_module_inner\">\n\t\t\t\t\t<div class=\"tmdivi-story tmdivi-story-icon tmdivi-story-left\">\n                        <div class=\"tmdivi-labels\"><\/div><div class=\"tmdivi-icondot\"><\/div>\n                        <div class=\"tmdivi-arrow\"><\/div>\n                            <div class=\"tmdivi-content\">\n                                <div class=\"tmdivi-title\">1975<\/div>\n                            <\/div>\n                    <\/div>\n\t\t\t\t<\/div>\n\t\t\t<\/div>La soci\u00e9t\u00e9 a \u00e9t\u00e9 acquise par Genuine Parts [&hellip;]<\/p>\n","protected":false},"author":2,"featured_media":0,"parent":0,"menu_order":0,"comment_status":"closed","ping_status":"closed","template":"","meta":{"_et_pb_use_builder":"on","_et_pb_old_content":"","_et_gb_content_width":"","footnotes":""},"class_list":["post-261712","page","type-page","status-publish","hentry"],"_links":{"self":[{"href":"https:\/\/sprcanada.ca\/fr\/wp-json\/wp\/v2\/pages\/261712","targetHints":{"allow":["GET"]}}],"collection":[{"href":"https:\/\/sprcanada.ca\/fr\/wp-json\/wp\/v2\/pages"}],"about":[{"href":"https:\/\/sprcanada.ca\/fr\/wp-json\/wp\/v2\/types\/page"}],"author":[{"embeddable":true,"href":"https:\/\/sprcanada.ca\/fr\/wp-json\/wp\/v2\/users\/2"}],"replies":[{"embeddable":true,"href":"https:\/\/sprcanada.ca\/fr\/wp-json\/wp\/v2\/comments?post=261712"}],"version-history":[{"count":15,"href":"https:\/\/sprcanada.ca\/fr\/wp-json\/wp\/v2\/pages\/261712\/revisions"}],"predecessor-version":[{"id":262574,"href":"https:\/\/sprcanada.ca\/fr\/wp-json\/wp\/v2\/pages\/261712\/revisions\/262574"}],"wp:attachment":[{"href":"https:\/\/sprcanada.ca\/fr\/wp-json\/wp\/v2\/media?parent=261712"}],"curies":[{"name":"wp","href":"https:\/\/api.w.org\/{rel}","templated":true}]}}