{"id":262238,"date":"2024-12-14T10:09:06","date_gmt":"2024-12-14T15:09:06","guid":{"rendered":"https:\/\/sprca-stg.thinkenabled.net\/liens-utiles\/"},"modified":"2025-09-24T10:08:09","modified_gmt":"2025-09-24T14:08:09","slug":"liens-utiles","status":"publish","type":"page","link":"https:\/\/sprcanada.ca\/fr\/liens-utiles\/","title":{"rendered":"Liens utiles"},"content":{"rendered":"<p>[et_pb_section fb_built=\u00a0\u00bb1&Prime; admin_label=\u00a0\u00bbTestimonials\u00a0\u00bb _builder_version=\u00a0\u00bb4.27.4&Prime; _module_preset=\u00a0\u00bbdefault\u00a0\u00bb background_color=\u00a0\u00bb#FFFFFF\u00a0\u00bb min_height=\u00a0\u00bb480px\u00a0\u00bb min_height_tablet=\u00a0\u00bb480px\u00a0\u00bb min_height_phone=\u00a0\u00bb480px\u00a0\u00bb min_height_last_edited=\u00a0\u00bbon|desktop\u00a0\u00bb custom_padding=\u00a0\u00bb20px||||false|false\u00a0\u00bb hover_enabled=\u00a0\u00bb0&Prime; collapsed=\u00a0\u00bbon\u00a0\u00bb global_colors_info=\u00a0\u00bb{}\u00a0\u00bb sticky_enabled=\u00a0\u00bb0&Prime; custom_css_free_form=\u00a0\u00bb#main-content {|| min-height:calc(100vh &#8211; 236px); ||}\u00a0\u00bb][et_pb_row column_structure=\u00a0\u00bb1_2,1_2&Prime; _builder_version=\u00a0\u00bb4.27.3&Prime; _module_preset=\u00a0\u00bbdefault\u00a0\u00bb global_colors_info=\u00a0\u00bb{}\u00a0\u00bb][et_pb_column type=\u00a0\u00bb1_2&Prime; _builder_version=\u00a0\u00bb4.27.3&Prime; _module_preset=\u00a0\u00bbdefault\u00a0\u00bb global_colors_info=\u00a0\u00bb{}\u00a0\u00bb][et_pb_heading title=\u00a0\u00bbLiens utiles\u00a0\u00bb _builder_version=\u00a0\u00bb4.27.3&Prime; _module_preset=\u00a0\u00bbdefault\u00a0\u00bb title_font=\u00a0\u00bb|600|||||||\u00a0\u00bb title_text_color=\u00a0\u00bb#be294b\u00a0\u00bb title_font_size=\u00a0\u00bb48px\u00a0\u00bb global_colors_info=\u00a0\u00bb{}\u00a0\u00bb][\/et_pb_heading][\/et_pb_column][et_pb_column type=\u00a0\u00bb1_2&Prime; _builder_version=\u00a0\u00bb4.27.3&Prime; _module_preset=\u00a0\u00bbdefault\u00a0\u00bb global_colors_info=\u00a0\u00bb{}\u00a0\u00bb][et_pb_blurb title=\u00a0\u00bbCanada en ligne\u00a0\u00bb _builder_version=\u00a0\u00bb4.27.3&Prime; _module_preset=\u00a0\u00bbdefault\u00a0\u00bb header_level=\u00a0\u00bbh2&Prime; header_font=\u00a0\u00bb|600||on|||||\u00a0\u00bb header_text_color=\u00a0\u00bb#be294b\u00a0\u00bb body_font=\u00a0\u00bb|300|||||||\u00a0\u00bb body_text_color=\u00a0\u00bb#1c1d1b\u00a0\u00bb body_font_size=\u00a0\u00bb18px\u00a0\u00bb global_colors_info=\u00a0\u00bb{}\u00a0\u00bb]<\/p>\n<p>Canada Online est une plateforme pour commander en ligne. Les grossistes peuvent cr\u00e9er plusieurs commandes par jour pour diff\u00e9rents clients.<\/p>\n<p><a href=\"https:\/\/dealers.sprichardscanada.ca\/login\" target=\"_blank\" rel=\"noopener\"><span>Cliquez ici pour acc\u00e9der \u00e0 la plateforme<\/span><\/a><\/p>\n<p>[\/et_pb_blurb][et_pb_blurb title=\u00a0\u00bbiteminfo.ca\u00a0\u00bb _builder_version=\u00a0\u00bb4.27.3&Prime; _module_preset=\u00a0\u00bbdefault\u00a0\u00bb header_level=\u00a0\u00bbh2&Prime; header_font=\u00a0\u00bb|600||on|||||\u00a0\u00bb header_text_color=\u00a0\u00bb#be294b\u00a0\u00bb body_font=\u00a0\u00bb|300|||||||\u00a0\u00bb body_text_color=\u00a0\u00bb#1c1d1b\u00a0\u00bb body_font_size=\u00a0\u00bb18px\u00a0\u00bb global_colors_info=\u00a0\u00bb{}\u00a0\u00bb]<\/p>\n<p><span><a href=\"https:\/\/www.iteminfo.ca\/\" target=\"_blank\" rel=\"noopener\">iteminfo.ca<\/a> est un site avec nos diff\u00e9rents produits catalogue accessible \u00e0 tous.<\/span><\/p>\n<p>[\/et_pb_blurb][\/et_pb_column][\/et_pb_row][\/et_pb_section]<\/p>\n","protected":false},"excerpt":{"rendered":"<p>Canada Online est une plateforme pour commander en ligne. Les grossistes peuvent cr\u00e9er plusieurs commandes par jour pour diff\u00e9rents clients. Cliquez ici pour acc\u00e9der \u00e0 la plateformeiteminfo.ca est un site avec nos diff\u00e9rents produits catalogue accessible \u00e0 tous.<\/p>\n","protected":false},"author":2,"featured_media":0,"parent":0,"menu_order":0,"comment_status":"closed","ping_status":"closed","template":"","meta":{"_et_pb_use_builder":"on","_et_pb_old_content":"","_et_gb_content_width":"","footnotes":""},"class_list":["post-262238","page","type-page","status-publish","hentry"],"_links":{"self":[{"href":"https:\/\/sprcanada.ca\/fr\/wp-json\/wp\/v2\/pages\/262238","targetHints":{"allow":["GET"]}}],"collection":[{"href":"https:\/\/sprcanada.ca\/fr\/wp-json\/wp\/v2\/pages"}],"about":[{"href":"https:\/\/sprcanada.ca\/fr\/wp-json\/wp\/v2\/types\/page"}],"author":[{"embeddable":true,"href":"https:\/\/sprcanada.ca\/fr\/wp-json\/wp\/v2\/users\/2"}],"replies":[{"embeddable":true,"href":"https:\/\/sprcanada.ca\/fr\/wp-json\/wp\/v2\/comments?post=262238"}],"version-history":[{"count":17,"href":"https:\/\/sprcanada.ca\/fr\/wp-json\/wp\/v2\/pages\/262238\/revisions"}],"predecessor-version":[{"id":262848,"href":"https:\/\/sprcanada.ca\/fr\/wp-json\/wp\/v2\/pages\/262238\/revisions\/262848"}],"wp:attachment":[{"href":"https:\/\/sprcanada.ca\/fr\/wp-json\/wp\/v2\/media?parent=262238"}],"curies":[{"name":"wp","href":"https:\/\/api.w.org\/{rel}","templated":true}]}}